{"id":720,"date":"2018-06-29T11:18:56","date_gmt":"2018-06-29T11:18:56","guid":{"rendered":"http:\/\/loeschundkollegen.de\/?page_id=720"},"modified":"2026-03-22T13:15:37","modified_gmt":"2026-03-22T11:15:37","slug":"dipl-psych-simone-schmid","status":"publish","type":"page","link":"https:\/\/loeschundkollegen.de\/?page_id=720","title":{"rendered":"Simone Schmid"},"content":{"rendered":"<p><a href=\"http:\/\/loeschundkollegen.de\/wp-content\/uploads\/2021\/10\/IMG-20201130-WA0002.jpg\"><img loading=\"lazy\" decoding=\"async\" class=\"alignnone size-full wp-image-2860\" src=\"http:\/\/loeschundkollegen.de\/wp-content\/uploads\/2021\/10\/IMG-20201130-WA0002.jpg\" alt=\"\" width=\"768\" height=\"1024\" srcset=\"https:\/\/loeschundkollegen.de\/wp-content\/uploads\/2021\/10\/IMG-20201130-WA0002.jpg 768w, https:\/\/loeschundkollegen.de\/wp-content\/uploads\/2021\/10\/IMG-20201130-WA0002-225x300.jpg 225w\" sizes=\"auto, (max-width: 768px) 100vw, 768px\" \/><\/a><a href=\"http:\/\/loeschundkollegen.de\/wp-content\/uploads\/2018\/06\/IMG_7856-e1530271303589.jpg\"><br \/>\n<\/a><\/p>\n<p><strong>Dipl. Psych. Simone Schmid<br \/>\n<\/strong><em>Psychologische Psychotherapeutin, Kinder und Jugendtherapeutin<\/em><\/p>\n<ul>\n<li>Studium der Psychologie mit dem Schwerpunkt Klinische Psychologie\u00a0 an der Universit\u00e4t Konstanz<\/li>\n<li>Ausbildung zur Psychologischen Psychotherapeutin am Stuttgarter Zentrum f\u00fcr Verhaltenstherapie (SZVT)<\/li>\n<li>Fachkunde f\u00fcr Kinder und Jugendlichenpsychotherapie, langj\u00e4hrige Erfahrung im station\u00e4ren und ambulanten Bereich mit der Behandlung eines breiten St\u00f6rungsspektrums: affektive St\u00f6rungen, Angstst\u00f6rungen, Zwangsst\u00f6rungen, Somatisierungsst\u00f6rungen, Essst\u00f6rungen, Schlafst\u00f6rungen u.a.<\/li>\n<\/ul>\n<p style=\"text-align: center;\"><span style=\"color: #800000;\">Tel.: 0711\/28043507 \u00a0E: <a style=\"color: #800000;\" href=\"mailto:simone.schmid@loeschundkollegen.de\">simone.schmid@loeschundkollegen.de<\/a><\/span><\/p>\n","protected":false},"excerpt":{"rendered":"<p>Dipl. Psych. Simone Schmid Psychologische Psychotherapeutin, Kinder und Jugendtherapeutin Studium der Psychologie mit dem Schwerpunkt Klinische Psychologie\u00a0 an der Universit\u00e4t Konstanz Ausbildung zur Psychologischen Psychotherapeutin am Stuttgarter Zentrum f\u00fcr Verhaltenstherapie (SZVT) Fachkunde f\u00fcr Kinder und Jugendlichenpsychotherapie, langj\u00e4hrige Erfahrung im station\u00e4ren und ambulanten Bereich mit der Behandlung eines breiten St\u00f6rungsspektrums: affektive St\u00f6rungen, Angstst\u00f6rungen, Zwangsst\u00f6rungen, Somatisierungsst\u00f6rungen, Essst\u00f6rungen, &hellip; <a href=\"https:\/\/loeschundkollegen.de\/?page_id=720\" class=\"more-link\"><span class=\"screen-reader-text\">Simone Schmid<\/span> weiterlesen<\/a><\/p>\n","protected":false},"author":1,"featured_media":0,"parent":32,"menu_order":0,"comment_status":"closed","ping_status":"closed","template":"","meta":{"footnotes":""},"class_list":["post-720","page","type-page","status-publish","hentry"],"_links":{"self":[{"href":"https:\/\/loeschundkollegen.de\/index.php?rest_route=\/wp\/v2\/pages\/720","targetHints":{"allow":["GET"]}}],"collection":[{"href":"https:\/\/loeschundkollegen.de\/index.php?rest_route=\/wp\/v2\/pages"}],"about":[{"href":"https:\/\/loeschundkollegen.de\/index.php?rest_route=\/wp\/v2\/types\/page"}],"author":[{"embeddable":true,"href":"https:\/\/loeschundkollegen.de\/index.php?rest_route=\/wp\/v2\/users\/1"}],"replies":[{"embeddable":true,"href":"https:\/\/loeschundkollegen.de\/index.php?rest_route=%2Fwp%2Fv2%2Fcomments&post=720"}],"version-history":[{"count":16,"href":"https:\/\/loeschundkollegen.de\/index.php?rest_route=\/wp\/v2\/pages\/720\/revisions"}],"predecessor-version":[{"id":4589,"href":"https:\/\/loeschundkollegen.de\/index.php?rest_route=\/wp\/v2\/pages\/720\/revisions\/4589"}],"up":[{"embeddable":true,"href":"https:\/\/loeschundkollegen.de\/index.php?rest_route=\/wp\/v2\/pages\/32"}],"wp:attachment":[{"href":"https:\/\/loeschundkollegen.de\/index.php?rest_route=%2Fwp%2Fv2%2Fmedia&parent=720"}],"curies":[{"name":"wp","href":"https:\/\/api.w.org\/{rel}","templated":true}]}}