{"id":5,"date":"2015-07-15T12:36:28","date_gmt":"2015-07-15T12:36:28","guid":{"rendered":"http:\/\/loeschundkollegen.de\/?page_id=5"},"modified":"2024-02-19T14:30:03","modified_gmt":"2024-02-19T12:30:03","slug":"impressum","status":"publish","type":"page","link":"https:\/\/loeschundkollegen.de\/?page_id=5","title":{"rendered":"\u00a7 Impressum"},"content":{"rendered":"<div class=\"container\">\n<div id=\"content\">\n<h2>Anbieter und verantwortlicher Autor<\/h2>\n<p>Marcus L\u00f6sch, Dipl.Psych., Psychologischer Psychotherapeut<br \/>\nMarienstra\u00dfe 5<br \/>\n70178 Stuttgart<br \/>\nFon 0711 \/ 28042030<br \/>\nFax 0711\/28042031<\/p>\n<p>E-Mail: <a href=\"mailto:info@loeschundkollegen.de\">info@loeschundkollegen.de<\/a><br \/>\nInternet: <a href=\"http:\/\/www.loeschundkollegen.de\">www.loeschundkollegen.de<\/a><\/p>\n<p><strong>Berufsbezeichnung:<\/strong> Psychologischer Psychotherapeut<\/p>\n<p><strong>Approbation als Psychologischer Psychotherapeut und als Kinder- und Jugendlichenpsychotherapeut:<\/strong> in Deutschland erteilt durch das Regierungspr\u00e4sidium Stuttgart.<\/p>\n<p><b>Mitglied der Landespsychotherapeutenkammer Baden-W\u00fcrttemberg (gesetzliche Aufsichtsbeh\u00f6rde<\/b>):<br \/>\nLandespsychotherapeutenkammer Baden-W\u00fcrttemberg: J\u00e4gerstr. 40, 70174 Stuttgart, Tel.-Nr.: 0711-674470- 0, Telefax-Nr.: 0711-674470-15, Internet: <a href=\"http:\/\/www.lpk-bw.de\">www.lpk-bw.de<\/a><\/p>\n<h2>Ma\u00dfgebliche berufsrechtliche Regelung<\/h2>\n<p>1. Gesetz \u00fcber die Berufe des psychologischen Psychotherapeuten und des Kinder- und Jugendlichenpsychotherapeuten (Psychotherapeutengesetz \u2013 PsychThG vom 16.06.1998, Bundesgesetzblatt, Seite 1311) zuletzt ge\u00e4ndert am 20.06.2002 (Bundesgesetzblatt 1, Seite 1946, 1996). 2. Berufsordnung der Landespsychotherapeutenkammer Baden-W\u00fcrttemberg vom 31.01.2005 (Psychotherapeutenjournal 1\/2005, S.49, Einhefter S.1, zuletzt ge\u00e4ndert am 13.10.2007 (Psychotherapeutenjournal 1\/2008, vom 25.03.2008, S. 48 Einhefter, S. 2) Landesgesundheitsdienstegesetz, Landesheilberufekammergesetz: Texte der genannten Bestimmungen sind im Buchhandel erh\u00e4ltlich oder im Internet von der Aufsichtsbeh\u00f6rde (s. unten, abrufbar z.B. www.lpk-bw.de).<\/p>\n<p><strong>Mitglied der Kassen\u00e4rztlichen Vereinigung Baden-W\u00fcrttemberg:<\/strong><br \/>\nEingetragen im Arztregister unter der Nummer: 6196042<br \/>\nKV-Zulassungsnummer \/ BSNR: 616973000<\/p>\n<h2>Haftungshinweise<\/h2>\n<p>Trotz sorgf\u00e4ltiger inhaltlicher Kontrolle \u00fcbernehme ich keine Haftung f\u00fcr die Inhalte externer Links. F\u00fcr den Inhalt der verlinkten Seiten sind ausschlie\u00dflich deren Betreiber verantwortlich.<\/p>\n<p>Die auf diesen Internetseiten zusammengestellten Informationen beruhen auf bestem Wissen und Gewissen. Keinesfalls kann ich jedoch eine Haftung f\u00fcr die sachliche Richtigkeit der dargebotenen Informationen oder f\u00fcr infolgedessen unternommene oder unterlassene Handlungen oder Eigendiagnose- und Selbstheilungsversuche \u00fcbernehmen. Die hier angebotenen Informationen stellen keine Beratung oder heilkundliche Psychotherapie dar, diese entsteht erst im pers\u00f6nlichen Kontakt zum Behandler.<\/p>\n<\/div>\n<div id=\"sidebar\"><\/div>\n<\/div>\n<div class=\"clear\"><\/div>\n","protected":false},"excerpt":{"rendered":"<p>Anbieter und verantwortlicher Autor Marcus L\u00f6sch, Dipl.Psych., Psychologischer Psychotherapeut Marienstra\u00dfe 5 70178 Stuttgart Fon 0711 \/ 28042030 Fax 0711\/28042031 E-Mail: info@loeschundkollegen.de Internet: www.loeschundkollegen.de Berufsbezeichnung: Psychologischer Psychotherapeut Approbation als Psychologischer Psychotherapeut und als Kinder- und Jugendlichenpsychotherapeut: in Deutschland erteilt durch das Regierungspr\u00e4sidium Stuttgart. Mitglied der Landespsychotherapeutenkammer Baden-W\u00fcrttemberg (gesetzliche Aufsichtsbeh\u00f6rde): Landespsychotherapeutenkammer Baden-W\u00fcrttemberg: J\u00e4gerstr. 40, 70174 Stuttgart, Tel.-Nr.: &hellip; <a href=\"https:\/\/loeschundkollegen.de\/?page_id=5\" class=\"more-link\"><span class=\"screen-reader-text\">\u00a7 Impressum<\/span> weiterlesen<\/a><\/p>\n","protected":false},"author":1,"featured_media":0,"parent":0,"menu_order":5,"comment_status":"closed","ping_status":"open","template":"","meta":{"footnotes":""},"class_list":["post-5","page","type-page","status-publish","hentry"],"_links":{"self":[{"href":"https:\/\/loeschundkollegen.de\/index.php?rest_route=\/wp\/v2\/pages\/5","targetHints":{"allow":["GET"]}}],"collection":[{"href":"https:\/\/loeschundkollegen.de\/index.php?rest_route=\/wp\/v2\/pages"}],"about":[{"href":"https:\/\/loeschundkollegen.de\/index.php?rest_route=\/wp\/v2\/types\/page"}],"author":[{"embeddable":true,"href":"https:\/\/loeschundkollegen.de\/index.php?rest_route=\/wp\/v2\/users\/1"}],"replies":[{"embeddable":true,"href":"https:\/\/loeschundkollegen.de\/index.php?rest_route=%2Fwp%2Fv2%2Fcomments&post=5"}],"version-history":[{"count":9,"href":"https:\/\/loeschundkollegen.de\/index.php?rest_route=\/wp\/v2\/pages\/5\/revisions"}],"predecessor-version":[{"id":4525,"href":"https:\/\/loeschundkollegen.de\/index.php?rest_route=\/wp\/v2\/pages\/5\/revisions\/4525"}],"wp:attachment":[{"href":"https:\/\/loeschundkollegen.de\/index.php?rest_route=%2Fwp%2Fv2%2Fmedia&parent=5"}],"curies":[{"name":"wp","href":"https:\/\/api.w.org\/{rel}","templated":true}]}}