{"id":4570,"date":"2026-03-22T15:34:28","date_gmt":"2026-03-22T13:34:28","guid":{"rendered":"https:\/\/loeschundkollegen.de\/?page_id=4570"},"modified":"2026-03-22T15:35:53","modified_gmt":"2026-03-22T13:35:53","slug":"katharina-laurischk","status":"publish","type":"page","link":"https:\/\/loeschundkollegen.de\/?page_id=4570","title":{"rendered":"Katharina Laurischk"},"content":{"rendered":"\n<p>M.Sc. Psychologie <strong>Katharina Laurischk<\/strong> (<strong>Aktuell in Elternzeit<\/strong>)<br><em>Psychologische Psychotherapeutin \/ Erwachsenentherapeutin<\/em><\/p>\n\n\n\n<ul class=\"wp-block-list\">\n<li>Studium der Psychologie mit dem Schwerpunkt Klinische Psychologie an der University of Groningen und an der Goethe-Universit\u00e4t in Frankfurt am Main<\/li>\n\n\n\n<li>Ausbildung zur Psychologischen Psychotherapeutin an der Gesellschaft f\u00fcr Ausbildung in Psychotherapie (GAP) und an der T\u00fcbinger Akademie f\u00fcr Verhaltenstherapie (TAVT)<\/li>\n\n\n\n<li>Langj\u00e4hrige Erfahrung im station\u00e4ren und ambulanten Bereich mit der Behandlung eines breiten St\u00f6rungsspektrums: Abh\u00e4ngigkeitserkrankungen, affektive St\u00f6rungen, Angstst\u00f6rungen, Zwangsst\u00f6rungen u.a.<\/li>\n<\/ul>\n\n\n\n<p><p style=\"text-align: center;\"><span style=\"color: #800000;\">Tel.: 0711-28043508 E: <a style=\"color: #800000;\" href=\"mailto:k.laurischk@loeschundkollegen.de\">k.laurischk@loeschundkollegen.de<\/a><\/span><\/p><\/p>\n","protected":false},"excerpt":{"rendered":"<p>M.Sc. Psychologie Katharina Laurischk (Aktuell in Elternzeit)Psychologische Psychotherapeutin \/ Erwachsenentherapeutin Tel.: 0711-28043508 E: k.laurischk@loeschundkollegen.de<\/p>\n","protected":false},"author":1,"featured_media":0,"parent":0,"menu_order":0,"comment_status":"closed","ping_status":"closed","template":"","meta":{"footnotes":""},"class_list":["post-4570","page","type-page","status-publish","hentry"],"_links":{"self":[{"href":"https:\/\/loeschundkollegen.de\/index.php?rest_route=\/wp\/v2\/pages\/4570","targetHints":{"allow":["GET"]}}],"collection":[{"href":"https:\/\/loeschundkollegen.de\/index.php?rest_route=\/wp\/v2\/pages"}],"about":[{"href":"https:\/\/loeschundkollegen.de\/index.php?rest_route=\/wp\/v2\/types\/page"}],"author":[{"embeddable":true,"href":"https:\/\/loeschundkollegen.de\/index.php?rest_route=\/wp\/v2\/users\/1"}],"replies":[{"embeddable":true,"href":"https:\/\/loeschundkollegen.de\/index.php?rest_route=%2Fwp%2Fv2%2Fcomments&post=4570"}],"version-history":[{"count":5,"href":"https:\/\/loeschundkollegen.de\/index.php?rest_route=\/wp\/v2\/pages\/4570\/revisions"}],"predecessor-version":[{"id":4593,"href":"https:\/\/loeschundkollegen.de\/index.php?rest_route=\/wp\/v2\/pages\/4570\/revisions\/4593"}],"wp:attachment":[{"href":"https:\/\/loeschundkollegen.de\/index.php?rest_route=%2Fwp%2Fv2%2Fmedia&parent=4570"}],"curies":[{"name":"wp","href":"https:\/\/api.w.org\/{rel}","templated":true}]}}