{"id":4477,"date":"2024-02-18T13:39:37","date_gmt":"2024-02-18T11:39:37","guid":{"rendered":"https:\/\/loeschundkollegen.de\/?page_id=4477"},"modified":"2024-02-18T13:40:25","modified_gmt":"2024-02-18T11:40:25","slug":"stellenangebot-praxismanager-in-auf-minijob-basis-e520","status":"publish","type":"page","link":"https:\/\/loeschundkollegen.de\/?page_id=4477","title":{"rendered":"Stellenangebot Praxismanager\/in                                auf MiniJob Basis \u20ac520.-"},"content":{"rendered":"\n<p>F\u00fcr den Standort Stuttgart sucht die Praxis L\u00f6sch &amp; Kollegen eine\/einen freundliche und kompetente Praxismanagerin zum n\u00e4chstm\u00f6glichen Zeitpunkt. <\/p>\n\n\n\n<p>Wir brauchen ein Organisationstalent f\u00fcr alle in der Praxis anfallenden administrativen T\u00e4tigkeiten und f\u00fcr die kompetente und schnelle Probleml\u00f6sung aller kleinen und ein wenig gr\u00f6\u00dferen Anfragen.<\/p>\n\n\n\n<p>Das bedeutet die Therapeuten zu gut es m\u00f6glich zu unterst\u00fctzen und die Patienten freundlich zu empfangen und zb. erste Anmeldeunterlagen und Frageb\u00f6gen auszugeben und eventuell auszuwerten. <\/p>\n\n\n\n<p>Sie kriegen ein tolles Team und interessante Einblicke u\u00edn die Organisation einer Psychotherapeutischen Praxis. <\/p>\n\n\n\n<p>Anfragen und Bewerbungen bitte unter:  marcus.loesch@loeschundkollegen.de<\/p>\n","protected":false},"excerpt":{"rendered":"<p>F\u00fcr den Standort Stuttgart sucht die Praxis L\u00f6sch &amp; Kollegen eine\/einen freundliche und kompetente Praxismanagerin zum n\u00e4chstm\u00f6glichen Zeitpunkt. Wir brauchen ein Organisationstalent f\u00fcr alle in der Praxis anfallenden administrativen T\u00e4tigkeiten und f\u00fcr die kompetente und schnelle Probleml\u00f6sung aller kleinen und ein wenig gr\u00f6\u00dferen Anfragen. Das bedeutet die Therapeuten zu gut es m\u00f6glich zu unterst\u00fctzen und &hellip; <a href=\"https:\/\/loeschundkollegen.de\/?page_id=4477\" class=\"more-link\"><span class=\"screen-reader-text\">Stellenangebot Praxismanager\/in                                auf MiniJob Basis \u20ac520.-<\/span> weiterlesen<\/a><\/p>\n","protected":false},"author":1,"featured_media":0,"parent":0,"menu_order":0,"comment_status":"closed","ping_status":"closed","template":"","meta":{"footnotes":""},"class_list":["post-4477","page","type-page","status-publish","hentry"],"_links":{"self":[{"href":"https:\/\/loeschundkollegen.de\/index.php?rest_route=\/wp\/v2\/pages\/4477","targetHints":{"allow":["GET"]}}],"collection":[{"href":"https:\/\/loeschundkollegen.de\/index.php?rest_route=\/wp\/v2\/pages"}],"about":[{"href":"https:\/\/loeschundkollegen.de\/index.php?rest_route=\/wp\/v2\/types\/page"}],"author":[{"embeddable":true,"href":"https:\/\/loeschundkollegen.de\/index.php?rest_route=\/wp\/v2\/users\/1"}],"replies":[{"embeddable":true,"href":"https:\/\/loeschundkollegen.de\/index.php?rest_route=%2Fwp%2Fv2%2Fcomments&post=4477"}],"version-history":[{"count":3,"href":"https:\/\/loeschundkollegen.de\/index.php?rest_route=\/wp\/v2\/pages\/4477\/revisions"}],"predecessor-version":[{"id":4504,"href":"https:\/\/loeschundkollegen.de\/index.php?rest_route=\/wp\/v2\/pages\/4477\/revisions\/4504"}],"wp:attachment":[{"href":"https:\/\/loeschundkollegen.de\/index.php?rest_route=%2Fwp%2Fv2%2Fmedia&parent=4477"}],"curies":[{"name":"wp","href":"https:\/\/api.w.org\/{rel}","templated":true}]}}