{"id":411,"date":"2016-11-14T09:26:10","date_gmt":"2016-11-14T09:26:10","guid":{"rendered":"http:\/\/loeschundkollegen.de\/?page_id=411"},"modified":"2021-10-06T17:17:26","modified_gmt":"2021-10-06T15:17:26","slug":"anja-lehmann","status":"publish","type":"page","link":"https:\/\/loeschundkollegen.de\/?page_id=411","title":{"rendered":"Anja Lehmann"},"content":{"rendered":"<p>Aktuell befindet sich Frau Lehmann in Mutterschutz. Wir w\u00fcnschen Ihr f\u00fcr die bevorstehende Geburt herzlich alles Gute und freuen uns mit ihr. Wenn alles klappt wie vorgesehen, steht sie in einem Jahr Ihnen wieder als Kinder- und Jugendlichenpsychotherapeutin zur Verf\u00fcgung.<\/p>\n<p><i><strong>Dipl.-P\u00e4d. Anja Lehmann,<\/strong><\/i><\/p>\n<p><i style=\"font-size: inherit;\">Kinder- und Jugendlichenpsychotherapeutin<\/i><\/p>\n<p>&#8211; \u00a0Studium der P\u00e4dagogik (Diplom) an der P\u00e4dagogischen Hochschule Freiburg<\/p>\n<p>&#8211; \u00a0Ausbildung zur Kinder- und Jugendlichenpsychotherapeutin am Freiburger \u00a0 \u00a0Ausbildungsinstitut f\u00fcr Kinder- und Jugendlichenpsychotherapie<\/p>\n<p>&#8211; \u00a0Station\u00e4re und ambulante Erfahrung im Einzel- sowie Gruppensetting\u00a0mit depressiven, bzw. affektiven St\u00f6rungen, Angstst\u00f6rungen, Essst\u00f6rungen, ADHS,\u00a0Ausscheidungsst\u00f6rungen, Zwangsst\u00f6rungen, Ticst\u00f6rungen, sowie St\u00f6rungen des Sozialverhaltens<\/p>\n<p><span style=\"color: #993300;\">Tel.: 0761 48984244 oder 07665 9392943<\/span><\/p>\n<p><span style=\"color: #993300;\"> \u00a0 E: <a href=\"mailto:anja.lehmann@loeschundkollegen.de\">anja.lehmann@loeschundkollegen.de<\/a><\/span><\/p>\n","protected":false},"excerpt":{"rendered":"<p>Aktuell befindet sich Frau Lehmann in Mutterschutz. Wir w\u00fcnschen Ihr f\u00fcr die bevorstehende Geburt herzlich alles Gute und freuen uns mit ihr. Wenn alles klappt wie vorgesehen, steht sie in einem Jahr Ihnen wieder als Kinder- und Jugendlichenpsychotherapeutin zur Verf\u00fcgung. Dipl.-P\u00e4d. Anja Lehmann, Kinder- und Jugendlichenpsychotherapeutin &#8211; \u00a0Studium der P\u00e4dagogik (Diplom) an der P\u00e4dagogischen Hochschule &hellip; <a href=\"https:\/\/loeschundkollegen.de\/?page_id=411\" class=\"more-link\"><span class=\"screen-reader-text\">Anja Lehmann<\/span> weiterlesen<\/a><\/p>\n","protected":false},"author":1,"featured_media":750,"parent":0,"menu_order":0,"comment_status":"closed","ping_status":"closed","template":"","meta":{"footnotes":""},"class_list":["post-411","page","type-page","status-publish","has-post-thumbnail","hentry"],"_links":{"self":[{"href":"https:\/\/loeschundkollegen.de\/index.php?rest_route=\/wp\/v2\/pages\/411","targetHints":{"allow":["GET"]}}],"collection":[{"href":"https:\/\/loeschundkollegen.de\/index.php?rest_route=\/wp\/v2\/pages"}],"about":[{"href":"https:\/\/loeschundkollegen.de\/index.php?rest_route=\/wp\/v2\/types\/page"}],"author":[{"embeddable":true,"href":"https:\/\/loeschundkollegen.de\/index.php?rest_route=\/wp\/v2\/users\/1"}],"replies":[{"embeddable":true,"href":"https:\/\/loeschundkollegen.de\/index.php?rest_route=%2Fwp%2Fv2%2Fcomments&post=411"}],"version-history":[{"count":12,"href":"https:\/\/loeschundkollegen.de\/index.php?rest_route=\/wp\/v2\/pages\/411\/revisions"}],"predecessor-version":[{"id":2830,"href":"https:\/\/loeschundkollegen.de\/index.php?rest_route=\/wp\/v2\/pages\/411\/revisions\/2830"}],"wp:featuredmedia":[{"embeddable":true,"href":"https:\/\/loeschundkollegen.de\/index.php?rest_route=\/wp\/v2\/media\/750"}],"wp:attachment":[{"href":"https:\/\/loeschundkollegen.de\/index.php?rest_route=%2Fwp%2Fv2%2Fmedia&parent=411"}],"curies":[{"name":"wp","href":"https:\/\/api.w.org\/{rel}","templated":true}]}}