{"id":301,"date":"2016-02-26T13:38:20","date_gmt":"2016-02-26T13:38:20","guid":{"rendered":"http:\/\/loeschundkollegen.de\/?page_id=301"},"modified":"2026-01-19T14:09:54","modified_gmt":"2026-01-19T12:09:54","slug":"stellenangebote","status":"publish","type":"page","link":"https:\/\/loeschundkollegen.de\/?page_id=301","title":{"rendered":"Stellenangebote 2026"},"content":{"rendered":"<p lang=\"de-CH\" align=\"center\"><span style=\"font-family: inherit;\"><span style=\"font-size: x-large;\"><b><span style=\"color: #001451;\">Anstellung in Psychotherapeutischer Praxis<\/span><\/b><\/span><\/span><\/p>\n<p lang=\"de-CH\" align=\"center\"><span style=\"font-family: ArialMT, sans-serif;\"><span style=\"font-size: x-large;\"><b><span style=\"color: #001451;\"><span style=\"color: #ff0000;\"><span style=\"font-family: inherit;\">P<\/span><\/span><span style=\"color: #ff0000;\"><span style=\"font-family: inherit;\">sychologische<\/span><\/span>&nbsp;<span style=\"color: #ff0000;\"><span style=\"font-family: inherit;\">Psychotherapeut*<\/span><\/span><span style=\"color: #ff0000;\"><span style=\"font-family: inherit;\">in<\/span><\/span> <span style=\"color: #ff0000;\"><span style=\"font-family: inherit;\">(VT)<\/span><\/span><\/span><\/b><\/span><\/span><\/p>\n<p lang=\"de-CH\" align=\"center\"><span style=\"font-family: inherit;\"><span style=\"font-size: x-large;\"><b><span style=\"color: #b41028;\"><span style=\"color: #ff0000;\">Kinder- und Jugendlichen Psychotherapeut*<\/span><span style=\"color: #ff0000;\">i<\/span><span style=\"color: #ff0000;\">n <\/span><span style=\"color: #ff0000;\">(VT)<\/span><\/span><\/b><\/span><\/span><\/p>\n<p lang=\"de-CH\" align=\"center\"><span style=\"font-family: ArialMT, sans-serif;\"><span style=\"font-size: x-large;\"><b><span style=\"color: #001451;\"><span style=\"color: #ff0000;\"><span style=\"font-family: inherit;\">Systemische Psychotherapeuten*in (Erwachsene oder KiJu)<\/span><\/span><\/span><\/b><\/span><\/span><\/p>\n<p lang=\"de-CH\" align=\"center\"><span style=\"font-family: inherit;\"><span style=\"font-size: x-large;\"><b><span style=\"color: #b41028;\">_____________________________________________<\/span><\/b><\/span><\/span><\/p>\n<p><span style=\"color: #2a6099;\"><span style=\"font-family: inherit;\"><b>Ab sofort<\/b><\/span><span style=\"font-family: inherit;\"><b>:<\/b><\/span><span style=\"font-family: inherit;\"> Psychotherapeutische Praxis f\u00fcr Erwachsene, Kinder und Jugendliche, Gruppen und Paare hat Lust auf neue Leute!! Wir sind ein tolles kleines Team von mehreren Psychotherapeut*<\/span><span style=\"font-family: inherit;\">inn<\/span><span style=\"font-family: inherit;\">en <\/span><span style=\"font-family: inherit;\">und <\/span><span style=\"font-family: inherit;\">freuen uns sehr auf weitere, die bei uns mitarbeiten m\u00f6chten. Die Praxis liegt mittendrin in Stuttgart und ist super mit \u00f6ffentlichen Verkehrsmitteln zu erreichen.<\/span><\/span><\/p>\n<p><span style=\"font-family: inherit;\"><span style=\"color: #2a6099;\">Approbierten Bewerber*innen, welche in einem Arztregister eingetragen sind und die Lust haben auf eine ambulante Praxis, bieten wir ein interessantes Gesamtkonzept:&nbsp;<\/span><\/span><\/p>\n<ul>\n<li><span style=\"font-family: inherit;\"><span style=\"color: #2a6099;\">Ich unterst\u00fctze bei der Einarbeitung, biete fachliche Beratung und regelm\u00e4\u00dfige Intervision (Einzel und in der Gruppe). Diese ist selbstverst\u00e4ndlich akkreditiert von der KV und kann zur eigenen Fortbildung angerechnet werden.<\/span><\/span><\/li>\n<li><span style=\"font-family: inherit;\"><span style=\"color: #2a6099;\">F\u00fcr administrative und organisatorische Aufgaben steht eine Praxis-Assistentin zur Verf\u00fcgung, welche eine tolle Unterst\u00fctzung f\u00fcr alle nicht therapeutischen Aufgaben ist.<\/span><\/span><\/li>\n<li><span style=\"font-family: inherit;\"><span style=\"color: #2a6099;\">Wir haben richtig gute und sehr flexible Arbeits- und Urlaubszeiten&nbsp;<\/span><\/span><span style=\"font-family: inherit;\"><span style=\"color: #2a6099;\">inkl. Home-Office<\/span>.<\/span><\/li>\n<li><span style=\"font-family: inherit;\"><span style=\"color: #2a6099;\">Mitarbeiter bekommen eine attraktive \u00fcbertarifliche Verg\u00fctung (&gt;TV\u00f6D EG 15).&nbsp;<\/span><\/span><\/li>\n<li><span style=\"font-family: inherit;\"><span style=\"color: #2a6099;\">Zuschuss zum \u00d6PNV oder zum Sport gibts extra.<\/span><\/span><\/li>\n<li><span style=\"font-family: inherit;\"><span style=\"color: #2a6099;\">Ausdr\u00fccklich sind engagierte Berufsanf\u00e4nger*innen und Wiedereinsteiger*innen sehr willkommen und herzlich eingeladen mitzuarbeiten.&nbsp;<\/span><\/span><\/li>\n<\/ul>\n<p><span style=\"font-family: inherit;\"><span style=\"color: #2a6099;\">Unser freundliches und wertsch\u00e4tzendes Team freut sich auf Ihre Bewerbung !<\/span><\/span><\/p>\n<p lang=\"de-CH\" align=\"justify\"><span style=\"font-family: inherit;\"><span style=\"font-size: medium;\"><span style=\"color: #2a6099;\">Marcus L\u00f6sch \u2013 Marienstr. 5; 70178 Stuttgart; <\/span><\/span><\/span><span style=\"font-family: inherit;\"><span style=\"font-size: medium;\"><span style=\"color: #2a6099;\">marcus.loesch@loeschundkollegen.de<\/span><\/span><\/span><\/p>\n<p align=\"justify\">\n","protected":false},"excerpt":{"rendered":"<p>Anstellung in Psychotherapeutischer Praxis Psychologische&nbsp;Psychotherapeut*in (VT) Kinder- und Jugendlichen Psychotherapeut*in (VT) Systemische Psychotherapeuten*in (Erwachsene oder KiJu) _____________________________________________ Ab sofort: Psychotherapeutische Praxis f\u00fcr Erwachsene, Kinder und Jugendliche, Gruppen und Paare hat Lust auf neue Leute!! Wir sind ein tolles kleines Team von mehreren Psychotherapeut*innen und freuen uns sehr auf weitere, die bei uns mitarbeiten m\u00f6chten. Die &hellip; <a href=\"https:\/\/loeschundkollegen.de\/?page_id=301\" class=\"more-link\"><span class=\"screen-reader-text\">Stellenangebote 2026<\/span> weiterlesen<\/a><\/p>\n","protected":false},"author":1,"featured_media":0,"parent":0,"menu_order":0,"comment_status":"closed","ping_status":"closed","template":"","meta":{"footnotes":""},"class_list":["post-301","page","type-page","status-publish","hentry"],"_links":{"self":[{"href":"https:\/\/loeschundkollegen.de\/index.php?rest_route=\/wp\/v2\/pages\/301","targetHints":{"allow":["GET"]}}],"collection":[{"href":"https:\/\/loeschundkollegen.de\/index.php?rest_route=\/wp\/v2\/pages"}],"about":[{"href":"https:\/\/loeschundkollegen.de\/index.php?rest_route=\/wp\/v2\/types\/page"}],"author":[{"embeddable":true,"href":"https:\/\/loeschundkollegen.de\/index.php?rest_route=\/wp\/v2\/users\/1"}],"replies":[{"embeddable":true,"href":"https:\/\/loeschundkollegen.de\/index.php?rest_route=%2Fwp%2Fv2%2Fcomments&post=301"}],"version-history":[{"count":45,"href":"https:\/\/loeschundkollegen.de\/index.php?rest_route=\/wp\/v2\/pages\/301\/revisions"}],"predecessor-version":[{"id":4564,"href":"https:\/\/loeschundkollegen.de\/index.php?rest_route=\/wp\/v2\/pages\/301\/revisions\/4564"}],"wp:attachment":[{"href":"https:\/\/loeschundkollegen.de\/index.php?rest_route=%2Fwp%2Fv2%2Fmedia&parent=301"}],"curies":[{"name":"wp","href":"https:\/\/api.w.org\/{rel}","templated":true}]}}