{"id":169,"date":"2015-07-29T09:52:00","date_gmt":"2015-07-29T09:52:00","guid":{"rendered":"http:\/\/loeschundkollegen.de\/?page_id=169"},"modified":"2020-06-17T16:41:51","modified_gmt":"2020-06-17T14:41:51","slug":"marcus-loesch","status":"publish","type":"page","link":"https:\/\/loeschundkollegen.de\/?page_id=169","title":{"rendered":"Marcus L\u00f6sch"},"content":{"rendered":"<p><strong>Dipl.-Psych. Marcus L\u00f6sch<\/strong><br \/>\n<em>Psychologischer Psychotherapeut, Kinder- und Jugendlichentherapeut<\/em><br \/>\n<em> Sportpsychologe \u00a0f\u00fcr Profisportler und Olympia Athleten<\/em><\/p>\n<p>Studium der Psychologie an der Universit\u00e4t Trier und K\u00f6ln.<\/p>\n<p style=\"text-align: justify;\">Neben meiner langj\u00e4hrigen klinischen Erfahrung als psychologischer Psychotherapeut habe ich eine fundierte Expertise in der Begleitung und Betreuung von Profisportlern. Zu meinen T\u00e4tigkeitsschwerpunkten geh\u00f6ren unter anderem die mentale Wettkampfvorbereitung, sportpsychologische Diagnostik und die Bew\u00e4ltigung von sportlichen Krisen, insbesondere nach Verletzungen oder in Phasen von anhaltendem Misserfolg bis hin zu akuten Lebenskrisen.<\/p>\n<p style=\"text-align: justify;\">W\u00e4hrend meiner langj\u00e4hrigen T\u00e4tigkeit in verschiedenen Sportfeldern, insbesondere im Fu\u00dfball und diversen olympischen Sportarten habe ich, die von mir betreuten Athleten in Ihrem Streben nach Erfolg, stets kompetent und seri\u00f6s unterst\u00fctzt. Ein Schwerpunkt meiner Arbeit liegt in der Vorbereitung meiner Klienten auf gro\u00dfe Wettbewerbe, z.B. Olympia.<\/p>\n<p style=\"text-align: justify;\">Bei der Entwicklung von mentaler St\u00e4rke, einem fundamentalen Bestandteil zur Erbrinnung von Topleistungen, unterst\u00fctze ich Sie sowohl individuell als auch Ihr Team. Im Coach the Coach Verfahren erarbeite ich psychologische Strategien f\u00fcr Trainer.<\/p>\n<p style=\"text-align: center;\"><span style=\"color: #800000;\">Tel.: 0711\/ 280 420 30\u00a0\u00a0 E: <a style=\"color: #800000;\" href=\"mailto:marcus.loesch@loeschundkollegen.de\">marcus.loesch@loeschundkollegen.de<\/a><\/span><\/p>\n","protected":false},"excerpt":{"rendered":"<p>Dipl.-Psych. Marcus L\u00f6sch Psychologischer Psychotherapeut, Kinder- und Jugendlichentherapeut Sportpsychologe \u00a0f\u00fcr Profisportler und Olympia Athleten Studium der Psychologie an der Universit\u00e4t Trier und K\u00f6ln. Neben meiner langj\u00e4hrigen klinischen Erfahrung als psychologischer Psychotherapeut habe ich eine fundierte Expertise in der Begleitung und Betreuung von Profisportlern. Zu meinen T\u00e4tigkeitsschwerpunkten geh\u00f6ren unter anderem die mentale Wettkampfvorbereitung, sportpsychologische Diagnostik und &hellip; <a href=\"https:\/\/loeschundkollegen.de\/?page_id=169\" class=\"more-link\"><span class=\"screen-reader-text\">Marcus L\u00f6sch<\/span> weiterlesen<\/a><\/p>\n","protected":false},"author":1,"featured_media":78,"parent":32,"menu_order":0,"comment_status":"closed","ping_status":"open","template":"","meta":{"footnotes":""},"class_list":["post-169","page","type-page","status-publish","has-post-thumbnail","hentry"],"_links":{"self":[{"href":"https:\/\/loeschundkollegen.de\/index.php?rest_route=\/wp\/v2\/pages\/169","targetHints":{"allow":["GET"]}}],"collection":[{"href":"https:\/\/loeschundkollegen.de\/index.php?rest_route=\/wp\/v2\/pages"}],"about":[{"href":"https:\/\/loeschundkollegen.de\/index.php?rest_route=\/wp\/v2\/types\/page"}],"author":[{"embeddable":true,"href":"https:\/\/loeschundkollegen.de\/index.php?rest_route=\/wp\/v2\/users\/1"}],"replies":[{"embeddable":true,"href":"https:\/\/loeschundkollegen.de\/index.php?rest_route=%2Fwp%2Fv2%2Fcomments&post=169"}],"version-history":[{"count":13,"href":"https:\/\/loeschundkollegen.de\/index.php?rest_route=\/wp\/v2\/pages\/169\/revisions"}],"predecessor-version":[{"id":1758,"href":"https:\/\/loeschundkollegen.de\/index.php?rest_route=\/wp\/v2\/pages\/169\/revisions\/1758"}],"up":[{"embeddable":true,"href":"https:\/\/loeschundkollegen.de\/index.php?rest_route=\/wp\/v2\/pages\/32"}],"wp:featuredmedia":[{"embeddable":true,"href":"https:\/\/loeschundkollegen.de\/index.php?rest_route=\/wp\/v2\/media\/78"}],"wp:attachment":[{"href":"https:\/\/loeschundkollegen.de\/index.php?rest_route=%2Fwp%2Fv2%2Fmedia&parent=169"}],"curies":[{"name":"wp","href":"https:\/\/api.w.org\/{rel}","templated":true}]}}