{"id":1689,"date":"2020-06-15T18:22:43","date_gmt":"2020-06-15T16:22:43","guid":{"rendered":"http:\/\/loeschundkollegen.de\/?page_id=1689"},"modified":"2024-02-18T13:16:02","modified_gmt":"2024-02-18T11:16:02","slug":"eva-rebstock","status":"publish","type":"page","link":"https:\/\/loeschundkollegen.de\/?page_id=1689","title":{"rendered":"Eva Rebstock"},"content":{"rendered":"\n<figure id=\"attachment_1680\" aria-describedby=\"caption-attachment-1680\" style=\"width: 500px\" class=\"wp-caption aligncenter\"><a href=\"http:\/\/loeschundkollegen.de\/wp-content\/uploads\/2020\/06\/EVA-Rebstock-scaled.jpg\"><img loading=\"lazy\" decoding=\"async\" class=\"wp-image-1680\" src=\"http:\/\/loeschundkollegen.de\/wp-content\/uploads\/2020\/06\/EVA-Rebstock-768x1024.jpg\" alt=\"\" width=\"500\" height=\"667\" srcset=\"https:\/\/loeschundkollegen.de\/wp-content\/uploads\/2020\/06\/EVA-Rebstock-768x1024.jpg 768w, https:\/\/loeschundkollegen.de\/wp-content\/uploads\/2020\/06\/EVA-Rebstock-225x300.jpg 225w, https:\/\/loeschundkollegen.de\/wp-content\/uploads\/2020\/06\/EVA-Rebstock-1152x1536.jpg 1152w, https:\/\/loeschundkollegen.de\/wp-content\/uploads\/2020\/06\/EVA-Rebstock-1536x2048.jpg 1536w, https:\/\/loeschundkollegen.de\/wp-content\/uploads\/2020\/06\/EVA-Rebstock-scaled.jpg 1920w\" sizes=\"auto, (max-width: 500px) 100vw, 500px\" \/><\/a><figcaption id=\"caption-attachment-1680\" class=\"wp-caption-text\">&nbsp;<\/figcaption><\/figure>\n<p><strong>Dipl.-Psych. Eva Rebstock<\/strong><br><em>Psychologische Psychotherapeutin<\/em><\/p>\n<ul>\n<li>Studium der Psychologie (Diplom) an der Universit\u00e4t Leipzig&nbsp;<\/li>\n<li>Ausbildung zur Psychologischen Psychotherapeutin im FAVT Freiburg<\/li>\n<li><span style=\"font-size: inherit;\">Zusatzqualifikation Entspannungsverfahren und Gruppenpsychotherapie<\/span><\/li>\n<li><span style=\"font-size: inherit;\">mehrj\u00e4hrige Erfahrungen im station\u00e4ren Bereich: Depressive St\u00f6rungen, Schmerzst\u00f6rungen, &nbsp;Pers\u00f6nlichkeitsst\u00f6rungen, Angstst\u00f6rungen, Schizophrenie<\/span>\n<div class=\"section\">\n<div class=\"layoutArea\">\n<div class=\"column\">\n<p>&nbsp;<\/p>\n<\/div>\n<\/div>\n<\/div>\n<\/li>\n<\/ul>\n<p style=\"text-align: center;\"><span style=\"color: #800000;\">Tel.: 0761\/ 48984246 &nbsp; E: <a href=\"mailto:eva.rebstock@loeschundkollegen.de\">eva.rebstock@loeschundkollegen.de<\/a>&nbsp;&nbsp;<\/span><\/p>\n","protected":false},"excerpt":{"rendered":"","protected":false},"author":1,"featured_media":0,"parent":0,"menu_order":0,"comment_status":"closed","ping_status":"closed","template":"","meta":{"footnotes":""},"class_list":["post-1689","page","type-page","status-publish","hentry"],"_links":{"self":[{"href":"https:\/\/loeschundkollegen.de\/index.php?rest_route=\/wp\/v2\/pages\/1689","targetHints":{"allow":["GET"]}}],"collection":[{"href":"https:\/\/loeschundkollegen.de\/index.php?rest_route=\/wp\/v2\/pages"}],"about":[{"href":"https:\/\/loeschundkollegen.de\/index.php?rest_route=\/wp\/v2\/types\/page"}],"author":[{"embeddable":true,"href":"https:\/\/loeschundkollegen.de\/index.php?rest_route=\/wp\/v2\/users\/1"}],"replies":[{"embeddable":true,"href":"https:\/\/loeschundkollegen.de\/index.php?rest_route=%2Fwp%2Fv2%2Fcomments&post=1689"}],"version-history":[{"count":9,"href":"https:\/\/loeschundkollegen.de\/index.php?rest_route=\/wp\/v2\/pages\/1689\/revisions"}],"predecessor-version":[{"id":4499,"href":"https:\/\/loeschundkollegen.de\/index.php?rest_route=\/wp\/v2\/pages\/1689\/revisions\/4499"}],"wp:attachment":[{"href":"https:\/\/loeschundkollegen.de\/index.php?rest_route=%2Fwp%2Fv2%2Fmedia&parent=1689"}],"curies":[{"name":"wp","href":"https:\/\/api.w.org\/{rel}","templated":true}]}}