{"id":14,"date":"2015-07-15T13:04:33","date_gmt":"2015-07-15T13:04:33","guid":{"rendered":"http:\/\/loeschundkollegen.de\/?page_id=14"},"modified":"2024-02-19T13:40:47","modified_gmt":"2024-02-19T11:40:47","slug":"so-finden-sie-uns","status":"publish","type":"page","link":"https:\/\/loeschundkollegen.de\/?page_id=14","title":{"rendered":"So finden Sie uns"},"content":{"rendered":"<p><strong>Praxis Stuttgart<\/strong><\/p>\n<p>Sie finden unsere Praxisr\u00e4ume in der Marienstra\u00dfe 5 in 70178 Stuttgart.<br \/>Wir befinden uns im 4. OG.<\/p>\n<p><a href=\"https:\/\/goo.gl\/maps\/9rAQieU9xeE2\" target=\"_blank\" rel=\"noopener noreferrer\"><img loading=\"lazy\" decoding=\"async\" class=\"alignnone size-full wp-image-716\" src=\"http:\/\/loeschundkollegen.de\/wp-content\/uploads\/2018\/06\/anfahrt.png\" alt=\"\" width=\"749\" height=\"719\" srcset=\"https:\/\/loeschundkollegen.de\/wp-content\/uploads\/2018\/06\/anfahrt.png 749w, https:\/\/loeschundkollegen.de\/wp-content\/uploads\/2018\/06\/anfahrt-300x288.png 300w\" sizes=\"auto, (max-width: 749px) 100vw, 749px\" \/><\/a><\/p>\n<p><strong>Praxis Umkirch<\/strong><\/p>\n<p>Sie finden unsere Praxisr\u00e4ume im Schlo\u00dfweg 2 in 79224 Umkirch.<\/p>\n<p><a href=\"https:\/\/www.google.de\/maps\/place\/Schlo%C3%9Fweg+2,+79224+Umkirch\/@48.0302943,7.765624,17.15z\/data=!4m13!1m7!3m6!1s0x47911a71a4ef5b05:0xc81533d9fd2ef6f7!2sSchlo%C3%9Fweg+2,+79224+Umkirch!3b1!8m2!3d48.0301005!4d7.7657694!3m4!1s0x47911a71a4ef5b05:0xc81533d9fd2ef6f7!8m2!3d48.0301005!4d7.7657694\"><img loading=\"lazy\" decoding=\"async\" class=\"alignnone wp-image-881 size-full\" src=\"http:\/\/loeschundkollegen.de\/wp-content\/uploads\/2019\/01\/Bildschirmfoto-2019-01-09-um-22.25.17.png\" alt=\"\" width=\"1664\" height=\"1212\" srcset=\"https:\/\/loeschundkollegen.de\/wp-content\/uploads\/2019\/01\/Bildschirmfoto-2019-01-09-um-22.25.17.png 1664w, https:\/\/loeschundkollegen.de\/wp-content\/uploads\/2019\/01\/Bildschirmfoto-2019-01-09-um-22.25.17-300x219.png 300w, https:\/\/loeschundkollegen.de\/wp-content\/uploads\/2019\/01\/Bildschirmfoto-2019-01-09-um-22.25.17-768x559.png 768w, https:\/\/loeschundkollegen.de\/wp-content\/uploads\/2019\/01\/Bildschirmfoto-2019-01-09-um-22.25.17-1024x746.png 1024w\" sizes=\"auto, (max-width: 1664px) 100vw, 1664px\" \/><\/a><\/p>\n<p><strong>Praxis Freiburg<\/strong><\/p>\n<p>Sie finden uns in der Richard-Wagner-Str. 41 in 79104 Freiburg<\/p>\n<p><a href=\"https:\/\/goo.gl\/maps\/VoE9fy7NR5b1C3RC9\"><img loading=\"lazy\" decoding=\"async\" class=\"alignnone wp-image-1706 size-full\" src=\"http:\/\/loeschundkollegen.de\/wp-content\/uploads\/2020\/06\/screenshot.png\" alt=\"\" width=\"931\" height=\"605\" srcset=\"https:\/\/loeschundkollegen.de\/wp-content\/uploads\/2020\/06\/screenshot.png 931w, https:\/\/loeschundkollegen.de\/wp-content\/uploads\/2020\/06\/screenshot-300x195.png 300w, https:\/\/loeschundkollegen.de\/wp-content\/uploads\/2020\/06\/screenshot-768x499.png 768w\" sizes=\"auto, (max-width: 931px) 100vw, 931px\" \/><\/a><\/p>\n\n","protected":false},"excerpt":{"rendered":"<p>Praxis Stuttgart Sie finden unsere Praxisr\u00e4ume in der Marienstra\u00dfe 5 in 70178 Stuttgart.Wir befinden uns im 4. OG. Praxis Umkirch Sie finden unsere Praxisr\u00e4ume im Schlo\u00dfweg 2 in 79224 Umkirch. Praxis Freiburg Sie finden uns in der Richard-Wagner-Str. 41 in 79104 Freiburg<\/p>\n","protected":false},"author":1,"featured_media":0,"parent":0,"menu_order":1,"comment_status":"closed","ping_status":"open","template":"","meta":{"footnotes":""},"class_list":["post-14","page","type-page","status-publish","hentry"],"_links":{"self":[{"href":"https:\/\/loeschundkollegen.de\/index.php?rest_route=\/wp\/v2\/pages\/14","targetHints":{"allow":["GET"]}}],"collection":[{"href":"https:\/\/loeschundkollegen.de\/index.php?rest_route=\/wp\/v2\/pages"}],"about":[{"href":"https:\/\/loeschundkollegen.de\/index.php?rest_route=\/wp\/v2\/types\/page"}],"author":[{"embeddable":true,"href":"https:\/\/loeschundkollegen.de\/index.php?rest_route=\/wp\/v2\/users\/1"}],"replies":[{"embeddable":true,"href":"https:\/\/loeschundkollegen.de\/index.php?rest_route=%2Fwp%2Fv2%2Fcomments&post=14"}],"version-history":[{"count":15,"href":"https:\/\/loeschundkollegen.de\/index.php?rest_route=\/wp\/v2\/pages\/14\/revisions"}],"predecessor-version":[{"id":4516,"href":"https:\/\/loeschundkollegen.de\/index.php?rest_route=\/wp\/v2\/pages\/14\/revisions\/4516"}],"wp:attachment":[{"href":"https:\/\/loeschundkollegen.de\/index.php?rest_route=%2Fwp%2Fv2%2Fmedia&parent=14"}],"curies":[{"name":"wp","href":"https:\/\/api.w.org\/{rel}","templated":true}]}}