{"id":12,"date":"2015-07-15T12:47:34","date_gmt":"2015-07-15T12:47:34","guid":{"rendered":"http:\/\/loeschundkollegen.de\/?page_id=12"},"modified":"2024-02-19T14:39:14","modified_gmt":"2024-02-19T12:39:14","slug":"willkommen","status":"publish","type":"page","link":"https:\/\/loeschundkollegen.de\/","title":{"rendered":"Willkommen"},"content":{"rendered":"<p>Willkommen auf der Internetpr\u00e4senz der Praxis <strong>L\u00f6sch &amp; Kollegen I Psychotherapeuten<\/strong><\/p>\n<p style=\"text-align: justify;\">Unser Praxisteam besteht aus mehreren Kinder- und Jugendtherapeutinnen, mehreren Erwachsenentherapeuten und Therapeuten, die sowohl Erwachsenen- als auch Kinder und Jugendlichentherapeuten sind. Wir sind sowohl in Stuttgart als auch in Freiburg, sowie in der N\u00e4he von Freiburg &#8211; in Umkirch &#8211; pr\u00e4sent und besitzen gro\u00dfe Behandlungskompetenz bei allen psychischen Erkrankungen und emotionalen Krisensituationen.<\/p>\n<p style=\"text-align: justify;\">Alle PsychotherapeutenInnen bringen eine langj\u00e4hrige Erfahrung im klinischen und ambulanten Bereich mit.<\/p>\n<p><strong>Seit <span style=\"color: #ff6600;\">2020<\/span> haben wir eine Zweigpraxis in Umkirch im Bezirk Breisgau-Hochschwarzwald er\u00f6ffnet. 2023 haben wir unseren ehemaligen Gundelfinger Standort aufgegeben und nach Freiburg in die Richard-Wagner-Str. 41 verlegt.<\/strong><\/p>\n<p><strong>Die individuellen Behandlungsschwerpunkte unserer Therapeutinnen und Therapeuten finden Sie auf deren individueller Seite.<\/strong><\/p>\n<p style=\"text-align: justify;\">Bitte beachten Sie unsere aktuellen <a href=\"http:\/\/loeschundkollegen.de\/?page_id=301\">Stellenangebote<\/a> f\u00fcr Stuttgart, Umkirch und Freiburg!<\/p>\n","protected":false},"excerpt":{"rendered":"<p>Willkommen auf der Internetpr\u00e4senz der Praxis L\u00f6sch &amp; Kollegen I Psychotherapeuten Unser Praxisteam besteht aus mehreren Kinder- und Jugendtherapeutinnen, mehreren Erwachsenentherapeuten und Therapeuten, die sowohl Erwachsenen- als auch Kinder und Jugendlichentherapeuten sind. Wir sind sowohl in Stuttgart als auch in Freiburg, sowie in der N\u00e4he von Freiburg &#8211; in Umkirch &#8211; pr\u00e4sent und besitzen gro\u00dfe &hellip; <a href=\"https:\/\/loeschundkollegen.de\/\" class=\"more-link\"><span class=\"screen-reader-text\">Willkommen<\/span> weiterlesen<\/a><\/p>\n","protected":false},"author":1,"featured_media":44,"parent":0,"menu_order":0,"comment_status":"closed","ping_status":"open","template":"","meta":{"footnotes":""},"class_list":["post-12","page","type-page","status-publish","has-post-thumbnail","hentry"],"_links":{"self":[{"href":"https:\/\/loeschundkollegen.de\/index.php?rest_route=\/wp\/v2\/pages\/12","targetHints":{"allow":["GET"]}}],"collection":[{"href":"https:\/\/loeschundkollegen.de\/index.php?rest_route=\/wp\/v2\/pages"}],"about":[{"href":"https:\/\/loeschundkollegen.de\/index.php?rest_route=\/wp\/v2\/types\/page"}],"author":[{"embeddable":true,"href":"https:\/\/loeschundkollegen.de\/index.php?rest_route=\/wp\/v2\/users\/1"}],"replies":[{"embeddable":true,"href":"https:\/\/loeschundkollegen.de\/index.php?rest_route=%2Fwp%2Fv2%2Fcomments&post=12"}],"version-history":[{"count":24,"href":"https:\/\/loeschundkollegen.de\/index.php?rest_route=\/wp\/v2\/pages\/12\/revisions"}],"predecessor-version":[{"id":4530,"href":"https:\/\/loeschundkollegen.de\/index.php?rest_route=\/wp\/v2\/pages\/12\/revisions\/4530"}],"wp:featuredmedia":[{"embeddable":true,"href":"https:\/\/loeschundkollegen.de\/index.php?rest_route=\/wp\/v2\/media\/44"}],"wp:attachment":[{"href":"https:\/\/loeschundkollegen.de\/index.php?rest_route=%2Fwp%2Fv2%2Fmedia&parent=12"}],"curies":[{"name":"wp","href":"https:\/\/api.w.org\/{rel}","templated":true}]}}